{"id":4342,"date":"2016-10-20T10:32:05","date_gmt":"2016-10-20T10:32:05","guid":{"rendered":"http:\/\/barrettamusic.geckosoft.it\/?page_id=4342"},"modified":"2019-11-04T15:47:11","modified_gmt":"2019-11-04T15:47:11","slug":"biografie","status":"publish","type":"page","link":"https:\/\/www.barrettamusic.com\/index.php\/biografie\/","title":{"rendered":"BIOGRAFIE"},"content":{"rendered":"<p><section data-kc-fullheight=\"true\" class=\"kc-elm kc-css-720012 kc_row\"><div class=\"kc-row-container\"><div class=\"kc-wrap-columns\"><div class=\"kc-elm kc-css-129385 kc_col-sm-12 kc_column kc_col-sm-12\"><div class=\"kc-col-container\"><div class=\"kc-elm kc-css-541597 kc-raw-code\"><link href=\"https:\/\/fonts.googleapis.com\/css?family=Oswald:400\" rel=\"stylesheet\" property=\"stylesheet\" type=\"text\/css\" media=\"all\">\n<div id=\"rev_slider_4_1_wrapper\" class=\"rev_slider_wrapper fullscreen-container\" data-source=\"gallery\" style=\"background:transparent;padding:0px;\">\n<!-- START REVOLUTION SLIDER 5.4.8.3 fullscreen mode -->\n\t<div id=\"rev_slider_4_1\" class=\"rev_slider fullscreenbanner\" style=\"display:none;\" data-version=\"5.4.8.3\">\n<ul>\t<!-- SLIDE  -->\n\t<li data-index=\"rs-10\" data-transition=\"zoomin\" data-slotamount=\"default\" data-hideafterloop=\"0\" data-hideslideonmobile=\"off\"  data-easein=\"default\" data-easeout=\"default\" data-masterspeed=\"default\"  data-thumb=\"https:\/\/www.barrettamusic.com\/wp-content\/uploads\/2016\/11\/bio-photoshop-100x50.png\"  data-rotate=\"0\"  data-saveperformance=\"off\"  data-title=\"Chill\" data-param1=\"\" data-param2=\"\" data-param3=\"\" data-param4=\"\" data-param5=\"\" data-param6=\"\" data-param7=\"\" data-param8=\"\" data-param9=\"\" data-param10=\"\" data-description=\"\">\n\t\t<!-- MAIN IMAGE -->\n\t\t<img src=\"https:\/\/www.barrettamusic.com\/wp-content\/uploads\/2016\/11\/bio-photoshop.png\"  alt=\"\" title=\"bio-photoshop\"  width=\"2043\" height=\"1376\" data-bgposition=\"right top\" data-bgfit=\"cover\" data-bgrepeat=\"no-repeat\" data-bgparallax=\"4\" class=\"rev-slidebg\" data-no-retina>\n\t\t<!-- LAYERS -->\n\n\t\t<!-- LAYER NR. 1 -->\n\t\t<div class=\"tp-caption NotGeneric-Title   tp-resizeme  font-family-oswald  rs-parallaxlevel-3\" \n\t\t\t id=\"slide-10-layer-1\" \n\t\t\t data-x=\"['center','left','left','left']\" data-hoffset=\"['-381','10','11','12']\" \n\t\t\t data-y=\"['middle','middle','middle','top']\" data-voffset=\"['-169','-56','-76','86']\" \n\t\t\t\t\t\tdata-fontsize=\"['53','53','53','40']\"\n\t\t\tdata-lineheight=\"['','70','70','60']\"\n\t\t\tdata-width=\"['457','none','none','none']\"\n\t\t\tdata-height=\"['93','none','none','none']\"\n\t\t\tdata-whitespace=\"['normal','nowrap','nowrap','nowrap']\"\n \n\t\t\tdata-type=\"text\" \n\t\t\tdata-responsive_offset=\"on\" \n\n\t\t\tdata-frames='[{\"delay\":1000,\"speed\":1500,\"frame\":\"0\",\"from\":\"z:0;rX:0;rY:0;rZ:0;sX:0.9;sY:0.9;skX:0;skY:0;opacity:0;\",\"to\":\"o:1;\",\"ease\":\"Power3.easeInOut\"},{\"delay\":\"wait\",\"speed\":1000,\"frame\":\"999\",\"to\":\"opacity:0;\",\"ease\":\"Power2.easeIn\"}]'\n\t\t\tdata-textAlign=\"['left','left','left','left']\"\n\t\t\tdata-paddingtop=\"[10,10,10,10]\"\n\t\t\tdata-paddingright=\"[0,0,0,0]\"\n\t\t\tdata-paddingbottom=\"[10,10,10,10]\"\n\t\t\tdata-paddingleft=\"[0,0,0,0]\"\n\n\t\t\tstyle=\"z-index: 5; min-width: 457px; max-width: 457px; max-width: 93px; max-width: 93px; white-space: normal; font-size: 53px; line-height: px; font-weight: 400; color: rgba(66,66,66,1); letter-spacing: px;font-family:Oswald;\">MICHELE BARRETTA <\/div>\n\n\t\t<!-- LAYER NR. 2 -->\n\t\t<div class=\"tp-caption   tp-resizeme  font-italic rs-parallaxlevel-2\" \n\t\t\t id=\"slide-10-layer-4\" \n\t\t\t data-x=\"['left','left','left','left']\" data-hoffset=\"['10','16','7','13']\" \n\t\t\t data-y=\"['middle','middle','top','top']\" data-voffset=\"['-12','93','187','162']\" \n\t\t\t\t\t\tdata-fontsize=\"['18','14','13','13']\"\n\t\t\tdata-lineheight=\"['24','20','20','20']\"\n\t\t\tdata-width=\"['658','519','471','466']\"\n\t\t\tdata-height=\"['169','203','155','279']\"\n\t\t\tdata-whitespace=\"normal\"\n \n\t\t\tdata-type=\"text\" \n\t\t\tdata-responsive_offset=\"on\" \n\n\t\t\tdata-frames='[{\"delay\":1500,\"speed\":2000,\"frame\":\"0\",\"from\":\"y:[100%];z:0;rX:0deg;rY:0;rZ:0;sX:1;sY:1;skX:0;skY:0;opacity:0;\",\"mask\":\"x:0px;y:[100%];s:inherit;e:inherit;\",\"to\":\"o:1;\",\"ease\":\"Power4.easeInOut\"},{\"delay\":\"wait\",\"speed\":1000,\"frame\":\"999\",\"to\":\"y:[100%];\",\"mask\":\"x:inherit;y:inherit;s:inherit;e:inherit;\",\"ease\":\"Power2.easeInOut\"}]'\n\t\t\tdata-textAlign=\"['left','left','left','left']\"\n\t\t\tdata-paddingtop=\"[0,0,0,0]\"\n\t\t\tdata-paddingright=\"[0,0,0,0]\"\n\t\t\tdata-paddingbottom=\"[0,0,0,0]\"\n\t\t\tdata-paddingleft=\"[0,0,0,0]\"\n\n\t\t\tstyle=\"z-index: 6; min-width: 658px; max-width: 658px; max-width: 169px; max-width: 169px; white-space: normal; font-size: 18px; line-height: 24px; font-weight: 400; color: rgba(66,66,66,1); letter-spacing: ;font-family:Droid Serif;\">geboren in Kalabrien \u2013 dem Land<\/br>\nzwischen Europa und Afrika, unter strahlender Sonne am Ufer der Meere:<\/br>\nwo Fantasie Realit\u00e4t ist,<\/br>\ndie Armut eine Philosophie,<\/br> \nder Dialekt poetisch klingt<\/br>\nund der L\u00e4rm des Alltags wie Musik\u2026. <\/div>\n\t<\/li>\n<\/ul>\n<div class=\"tp-bannertimer tp-bottom\" style=\"visibility: hidden !important;\"><\/div>\t<\/div>\n<script>var htmlDiv = document.getElementById(\"rs-plugin-settings-inline-css\"); var htmlDivCss=\".tp-caption.NotGeneric-Title,.NotGeneric-Title{color:rgba(255,255,255,1.00);font-size:70px;line-height:70px;font-weight:800;font-style:normal;font-family:Raleway;text-decoration:none;background-color:transparent;border-color:transparent;border-style:none;border-width:0px;border-radius:0 0 0 0px}\";\r\n\t\t\t\tif(htmlDiv) {\r\n\t\t\t\t\thtmlDiv.innerHTML = htmlDiv.innerHTML + htmlDivCss;\r\n\t\t\t\t}else{\r\n\t\t\t\t\tvar htmlDiv = document.createElement(\"div\");\r\n\t\t\t\t\thtmlDiv.innerHTML = \"<style>\" + htmlDivCss + \"<\/style>\";\r\n\t\t\t\t\tdocument.getElementsByTagName(\"head\")[0].appendChild(htmlDiv.childNodes[0]);\r\n\t\t\t\t}\r\n\t\t\t<\/script>\n\t\t<script type=\"text\/javascript\">\r\nif (setREVStartSize!==undefined) setREVStartSize(\r\n\t{c: '#rev_slider_4_1', responsiveLevels: [1240,1024,778,480], gridwidth: [1240,1024,778,480], gridheight: [600,500,400,300], sliderLayout: 'fullscreen', fullScreenAutoWidth:'off', fullScreenAlignForce:'off', fullScreenOffsetContainer:'', fullScreenOffset:''});\r\n\t\t\t\r\nvar revapi4,\r\n\ttpj;\t\r\n(function() {\t\t\t\r\n\tif (!\/loaded|interactive|complete\/.test(document.readyState)) document.addEventListener(\"DOMContentLoaded\",onLoad); else onLoad();\t\r\n\tfunction onLoad() {\t\t\t\t\r\n\t\tif (tpj===undefined) { tpj = jQuery; if(\"off\" == \"on\") tpj.noConflict();}\r\n\tif(tpj(\"#rev_slider_4_1\").revolution == undefined){\n\t\trevslider_showDoubleJqueryError(\"#rev_slider_4_1\");\n\t}else{\n\t\trevapi4 = tpj(\"#rev_slider_4_1\").show().revolution({\n\t\t\tsliderType:\"standard\",\n\t\t\tjsFileLocation:\"\/\/www.barrettamusic.com\/wp-content\/plugins\/revslider\/public\/assets\/js\/\",\n\t\t\tsliderLayout:\"fullscreen\",\n\t\t\tdottedOverlay:\"none\",\n\t\t\tdelay:9000,\n\t\t\tnavigation: {\n\t\t\t\tonHoverStop:\"off\",\n\t\t\t},\n\t\t\tviewPort: {\n\t\t\t\tenable:true,\n\t\t\t\toutof:\"wait\",\n\t\t\t\tvisible_area:\"80%\",\n\t\t\t\tpresize:false\n\t\t\t},\n\t\t\tresponsiveLevels:[1240,1024,778,480],\n\t\t\tvisibilityLevels:[1240,1024,778,480],\n\t\t\tgridwidth:[1240,1024,778,480],\n\t\t\tgridheight:[600,500,400,300],\n\t\t\tlazyType:\"none\",\n\t\t\tparallax: {\n\t\t\t\ttype:\"mouse\",\n\t\t\t\torigo:\"slidercenter\",\n\t\t\t\tspeed:2000,\n\t\t\t\tspeedbg:0,\n\t\t\t\tspeedls:0,\n\t\t\t\tlevels:[2,3,4,5,6,7,12,16,10,50,47,48,49,50,51,55],\n\t\t\t},\n\t\t\tshadow:0,\n\t\t\tspinner:\"off\",\n\t\t\tstopLoop:\"on\",\n\t\t\tstopAfterLoops:0,\n\t\t\tstopAtSlide:1,\n\t\t\tshuffle:\"off\",\n\t\t\tautoHeight:\"off\",\n\t\t\tfullScreenAutoWidth:\"off\",\n\t\t\tfullScreenAlignForce:\"off\",\n\t\t\tfullScreenOffsetContainer: \"\",\n\t\t\tfullScreenOffset: \"\",\n\t\t\tdisableProgressBar:\"on\",\n\t\t\thideThumbsOnMobile:\"off\",\n\t\t\thideSliderAtLimit:0,\n\t\t\thideCaptionAtLimit:0,\n\t\t\thideAllCaptionAtLilmit:0,\n\t\t\tdebugMode:false,\n\t\t\tfallbacks: {\n\t\t\t\tsimplifyAll:\"off\",\n\t\t\t\tnextSlideOnWindowFocus:\"off\",\n\t\t\t\tdisableFocusListener:false,\n\t\t\t}\n\t\t});\n\t}; \/* END OF revapi call *\/\n\t\n }; \/* END OF ON LOAD FUNCTION *\/\r\n}()); \/* END OF WRAPPING FUNCTION *\/\r\n<\/script>\r\n\t\t<\/div><!-- END REVOLUTION SLIDER --><\/div><\/div><\/div><\/div><\/div><\/section><section class=\"kc-elm kc-css-577389 kc_row\"><div class=\"kc-row-container  kc-container\"><div class=\"kc-wrap-columns\"><div class=\"kc-elm kc-css-493524 kc_col-sm-6 kc_column kc_col-sm-6\"><div class=\"kc-col-container\"><div class=\"kc-elm kc-css-608716 kc_shortcode kc_single_image\">\n\n        <img src=\"https:\/\/www.barrettamusic.com\/wp-content\/uploads\/2016\/10\/Calabria-Costa-Viola.jpg\" class=\"\" alt=\"\" \/>    <\/div>\n<\/div><\/div><div class=\"kc-elm kc-css-238187 kc_col-sm-6 kc_column kc_col-sm-6\"><div class=\"kc-col-container\">            <div\n                class=\"heading style-2\" >\n                <h2 class=\"title\">\n                    Michele Barretta                                            <i class=\"fa-star\"><\/i>\n                                    <\/h2>\n                                    <h4 class=\"sub-title\">live in concert<\/h4>\n                                            <\/div>\n            <div class=\"kc-elm kc-css-378736 kc_text_block\"><\/p>\n<p><em>Der gro\u00dfe Entertainer im In- und Ausland \u2026<\/em><\/p>\n<p><em>ob FC Bayern oder Filmfestspiele, Arena oder Festsaal, als Alleinunterhalter, im Duo, Trio, Quartett\u2026 bis Big Band, oder auch nur mit Gitarre und Stimme (\u201eBio-Musik\u201c) im gem\u00fctlich kleinen Rahmen:<\/em><\/p>\n<p><em>Michele Barretta nimmt seine Zuh\u00f6rer mit seiner fulminanten Reibeisenstimme in seiner Celentano-Show mit nach Italien oder mit \u00fcber 1000 Hits in 7 Sprachen von Celentano \u00fcber Zucchero und Ramazotti bis Pavarotti auf eine unvergessliche musikalische Reise um die Welt!<\/em><\/p>\n<p><em>Michele Barretta singt &#8211; als einziger italienischer S\u00e4nger &#8211; seit 20 Jahren in Bierg\u00e4rten und bringt auch dort mit au\u00dfergew\u00f6hnlicher Musik sein Publikum in Schwung.<\/em><\/p>\n<p><em>Lassen Sie sich begeistern und tanzen Sie zu s\u00fcdl\u00e4ndischen Rhythmen oder Country Musik: sei es Foxtrott, Rock\u00b4n Roll, Twist, Tarantella, Salsa oder Flamenco!<\/em><\/p>\n<p>\n<\/div><\/div><\/div><\/div><\/div><\/section><section class=\"kc-elm kc-css-21457 kc_row\"><div class=\"kc-row-container  kc-container\"><div class=\"kc-wrap-columns\"><div class=\"kc-elm kc-css-335341 kc_col-sm-12 kc_column kc_col-sm-12\"><div class=\"kc-col-container\">            <div\n                class=\"heading style-2\" >\n                <h2 class=\"title\">\n                    Ausnahmemusiker Michele Barretta                                            <i class=\"fa-star\"><\/i>\n                                    <\/h2>\n                                            <\/div>\n            <div class=\"kc-elm kc-css-643757 kc_text_block\"><\/p>\n<p><em>Michele Barretta stammt aus einer musikbegeisterten und musikalischen italienischen Familie. Micheles Gro\u00dfvater mit dem gleichen Namen Michele Barretta (1896-1994), Spitzname<\/em><\/p>\n<p><em>\u201eU BRIGADIERI\u201c, galt als einer der besten Tarantella-T\u00e4nzer Kalabriens.<\/em><\/p>\n<p><em>Vater und Mutter sangen mit gro\u00dfer Begabung, die ganze Familie musizierte schon immer und bis zum heutigen Tag. Wie in S\u00fcditalien \u00fcblich nahm Michele von klein auf an Familienfeiern teil und entwickelte mit wachsendem Talent seine Leidenschaft f\u00fcr die vorgelebte Musikalit\u00e4t des Kalabresischen Volkes.<\/em><\/p>\n<p><em>Schon fr\u00fch erhielt er Gesangs-, Musik- und Tanzunterricht und sang im Chor. Im Alter von 14 Jahren wechselte er in eine Pop- Rock-Gruppe. Sp\u00e4ter lebte Michele Barretta 2 Jahre in Sevilla (Spanien), wo er sich f\u00fcr die spanische Musikkultur begeisterte und Flamenco-Gitarre zu spielen lernte. W\u00e4hrend der folgenden Jahren in den USA sammelte er Erfahrungen mit Musikgruppen und Musikern unterschiedlichster Nationalit\u00e4ten. Er musiziert auch heute noch mit Spaniern, S\u00fcdamerikanern, Franzosen, Engl\u00e4ndern, US-Amerikanern, Russen, Rum\u00e4nen, Tschechen und Slowaken und nicht zuletzt Deutschen.<\/em><\/p>\n<p><em>Seine intensiven unterschiedlichen Erfahrungen haben aus Michele Barretta den vielseitigen mehrsprachigen Ausnahmemusiker gemacht, der er heute ist.<\/em><\/p>\n<p><em>Aber seine gro\u00dfe Liebe gilt immer noch der italienischen Musik mit einem feurigen Adriano-Celentano-Repertoire, den unsterblichen Klassikern der italienischen Folklore, Arien von Pavarotti und Hits von Zucchero und Ramazzotti.<\/em><\/p>\n<p>\n<\/div><\/div><\/div><\/div><\/div><\/section><\/p>\n","protected":false},"excerpt":{"rendered":"","protected":false},"author":2,"featured_media":0,"parent":0,"menu_order":0,"comment_status":"closed","ping_status":"closed","template":"template-full-width.php","meta":[],"_links":{"self":[{"href":"https:\/\/www.barrettamusic.com\/index.php\/wp-json\/wp\/v2\/pages\/4342"}],"collection":[{"href":"https:\/\/www.barrettamusic.com\/index.php\/wp-json\/wp\/v2\/pages"}],"about":[{"href":"https:\/\/www.barrettamusic.com\/index.php\/wp-json\/wp\/v2\/types\/page"}],"author":[{"embeddable":true,"href":"https:\/\/www.barrettamusic.com\/index.php\/wp-json\/wp\/v2\/users\/2"}],"replies":[{"embeddable":true,"href":"https:\/\/www.barrettamusic.com\/index.php\/wp-json\/wp\/v2\/comments?post=4342"}],"version-history":[{"count":61,"href":"https:\/\/www.barrettamusic.com\/index.php\/wp-json\/wp\/v2\/pages\/4342\/revisions"}],"predecessor-version":[{"id":5355,"href":"https:\/\/www.barrettamusic.com\/index.php\/wp-json\/wp\/v2\/pages\/4342\/revisions\/5355"}],"wp:attachment":[{"href":"https:\/\/www.barrettamusic.com\/index.php\/wp-json\/wp\/v2\/media?parent=4342"}],"curies":[{"name":"wp","href":"https:\/\/api.w.org\/{rel}","templated":true}]}}