{"id":4402,"date":"2016-10-21T13:57:42","date_gmt":"2016-10-21T13:57:42","guid":{"rendered":"http:\/\/barrettamusic.geckosoft.it\/?page_id=4402"},"modified":"2019-11-04T16:04:05","modified_gmt":"2019-11-04T16:04:05","slug":"barrettamusic-album-page","status":"publish","type":"page","link":"https:\/\/www.barrettamusic.com\/index.php\/barrettamusic-album-page\/","title":{"rendered":"MEDIA"},"content":{"rendered":"<p><section class=\"kc-elm kc-css-466310 kc_row\"><div class=\"kc-row-container  kc-container\"><div class=\"kc-wrap-columns\"><div class=\"kc-elm kc-css-884863 kc_col-sm-12 kc_column kc_col-sm-12\"><div class=\"kc-col-container\">            <div\n                class=\"heading style-2\" >\n                <h2 class=\"title\">\n                    MUSIK ALBEN                                            <i class=\"fa-music\"><\/i>\n                                    <\/h2>\n                                            <\/div>\n            <div class=\"kc-elm kc-css-822198 kc_text_block\"><\/p>\n<p><em>Eine Stimme der gro\u00dfen Emotionen: sensibel, temperamentvoll und ausdrucksstark in allen Tonlagen. Eine Gitarre im feurigen Klang und mit ansteckenden s\u00fcdl\u00e4ndischen Rhythmen, die Jung und Alt zum Tanzen bringt: \u201eWenn Michele Barretta singt und Gitarre spielt, tanzen selbst die St\u00fchle!\u201c<\/em><\/p>\n<p><em>Ein buntes Unterhaltungsprogramm aus den besten italienischen Canzone \u2013 Melodien der gro\u00dfen Klassiker, \u00fcber popul\u00e4re Volkslieder bis hin zu bekannten Pop-Songs. Ob mitrei\u00dfend, fr\u00f6hlich oder melancholisch anr\u00fchrend: Michele Barretta fasziniert mit einem einmalig vielf\u00e4ltigen musikalischen Unterhaltungsprogramm, in dem die reiche Musiktradition Italiens ebenso weiterlebt wie die alle Kulturen verbindende Suche nach Augenblicken des Gl\u00fccks im Paradies der Musica.<\/em><\/p>\n<p>\n<\/div><\/div><\/div><\/div><\/div><\/section><section class=\"kc-elm kc-css-990799 kc_row\"><div class=\"kc-row-container  kc-container\"><div class=\"kc-wrap-columns\"><div class=\"kc-elm kc-css-871260 kc_col-sm-6 kc_column kc_col-sm-6\"><div class=\"kc-col-container\"><div class=\"kc-elm kc-css-687341 kc_shortcode kc_single_image\">\n\n        <a  href=\"https:\/\/www.barrettamusic.com\/index.php\/barretta-calabria-tour\/\" title=\"Calabria Tour 2002\" target=\"_self\">\n        <img src=\"https:\/\/www.barrettamusic.com\/wp-content\/uploads\/2016\/10\/calabria-tour-2002.jpg\" class=\"\" alt=\"CALABRIA TOUR 2002\" \/>    <\/a>\n    \t    <p class=\"scapt\">CALABRIA TOUR 2002<\/p>\n\t    <\/div>\n<\/div><\/div><div class=\"kc-elm kc-css-813965 kc_col-sm-6 kc_column kc_col-sm-6\"><div class=\"kc-col-container\"><div class=\"kc-elm kc-css-487164 kc_shortcode kc_single_image\">\n\n        <a  href=\"https:\/\/www.barrettamusic.com\/index.php\/barretta-album\/\" title=\"Barretta\" target=\"_self\">\n        <img src=\"https:\/\/www.barrettamusic.com\/wp-content\/uploads\/2016\/10\/Barretta-CD-cava-Kopie-480x480-421x421xc.jpg\" class=\"\" alt=\"BARRETTA\" \/>    <\/a>\n    \t    <p class=\"scapt\">BARRETTA<\/p>\n\t    <\/div>\n<\/div><\/div><\/div><\/div><\/section><section class=\"kc-elm kc-css-97214 kc_row\"><div class=\"kc-row-container  kc-container\"><div class=\"kc-wrap-columns\"><div class=\"kc-elm kc-css-867859 kc_col-sm-12 kc_column kc_col-sm-12\"><div class=\"kc-col-container\"><div class=\"kc-elm kc-css-957523 kc_text_block\"><\/p>\n<h4 style=\"text-align: center;\">CDs erh\u00e4ltlich bei Ludwig Beck am Rathaus in M\u00fcnchen und bei allen Expert TechnoMarkt Filialen in Bayern!<\/h4>\n<p>\n<\/div><\/div><\/div><\/div><\/div><\/section><section class=\"kc-elm kc-css-620730 kc_row\"><div class=\"kc-row-container  kc-container\"><div class=\"kc-wrap-columns\"><div class=\"kc-elm kc-css-610168 kc_col-sm-12 kc_column kc_col-sm-12\"><div class=\"kc-col-container\">            <div\n                class=\"heading style-2\" >\n                <h2 class=\"title\">\n                    MEINE DVD (2005)                                            <i class=\"sl-film\"><\/i>\n                                    <\/h2>\n                                            <\/div>\n            <\/div><\/div><\/div><\/div><\/section><section class=\"kc-elm kc-css-471143 kc_row\"><div class=\"kc-row-container  kc-container\"><div class=\"kc-wrap-columns\"><div class=\"kc-elm kc-css-530414 kc_col-sm-6 kc_column kc_col-sm-6\"><div class=\"kc-col-container\"><div class=\"kc-elm kc-css-110134 kc_shortcode kc_single_image\">\n\n        <img src=\"https:\/\/www.barrettamusic.com\/wp-content\/uploads\/2016\/10\/dvd-cover.jpg\" class=\"\" alt=\"\" \/>    <\/div>\n<\/div><\/div><div class=\"kc-elm kc-css-615772 kc_col-sm-6 kc_column kc_col-sm-6\"><div class=\"kc-col-container\"><div class=\"kc-elm kc-css-126401 kc_text_block\"><\/p>\n<div class=\"lyte-wrapper\" style=\"width:420px;max-width:100%;margin:5px;\">\n<div class=\"lyMe\" id=\"WYL_4I-Ry9QEFeA\">\n<div id=\"lyte_4I-Ry9QEFeA\" data-src=\"https:\/\/www.barrettamusic.com\/wp-content\/plugins\/wp-youtube-lyte\/lyteCache.php?origThumbUrl=%2F%2Fi.ytimg.com%2Fvi%2F4I-Ry9QEFeA%2Fhqdefault.jpg\" class=\"pL\">\n<div class=\"tC\">\n<div class=\"tT\"><\/div>\n<\/div>\n<div class=\"play\"><\/div>\n<div class=\"ctrl\">\n<div class=\"Lctrl\"><\/div>\n<div class=\"Rctrl\"><\/div>\n<\/div>\n<\/div>\n<p><noscript><a href=\"https:\/\/youtu.be\/4I-Ry9QEFeA\" rel=\"nofollow\"><img src=\"https:\/\/www.barrettamusic.com\/wp-content\/plugins\/wp-youtube-lyte\/lyteCache.php?origThumbUrl=https%3A%2F%2Fi.ytimg.com%2Fvi%2F4I-Ry9QEFeA%2F0.jpg\" alt=\"YouTube-Video-Vorschaubild\" width=\"420\" height=\"216\" \/><\/a><\/noscript><\/div>\n<\/div>\n<div class=\"lL\" style=\"max-width:100%;width:420px;margin:5px;\"> <a href=\"https:\/\/youtu.be\/4I-Ry9QEFeA\" target=\"_blank\">Dieses Video auf YouTube ansehen<\/a>.<\/div>\n<\/p>\n<p>\n<\/div><\/div><\/div><\/div><\/div><\/section><section class=\"kc-elm kc-css-893299 kc_row\"><div class=\"kc-row-container\"><div class=\"kc-wrap-columns\"><div class=\"kc-elm kc-css-256634 kc_col-sm-12 kc_column kc_col-sm-12\"><div class=\"kc-col-container\"><div class=\"divider_line1\" style=\"margin-top:px;margin-bottom:px;\"><i class=\"sl-heart\"><\/i><\/div><\/div><\/div><\/div><\/div><\/section><section class=\"kc-elm kc-css-537408 kc_row\"><div class=\"kc-row-container  kc-container\"><div class=\"kc-wrap-columns\"><div class=\"kc-elm kc-css-156081 kc_col-sm-12 kc_column kc_col-sm-12\"><div class=\"kc-col-container\">            <div class=\"video-player-wrap\" id=\"id2deae851ec0f32f4240f8879f29b977c\" data-izee-shortcode=\"player\"\n                 data-type=\"video\" data-source='[{\"type\":\"video\",\"title\":\"Meine DVD\",\"sources\":[{\"src\":\"4I-Ry9QEFeA\",\"type\":\"youtube\"}],\"thumb\":\"https:\\\/\\\/www.barrettamusic.com\\\/wp-content\\\/uploads\\\/2016\\\/10\\\/dvd-cover-320x320.jpg\",\"poster\":\"https:\\\/\\\/www.barrettamusic.com\\\/wp-content\\\/uploads\\\/2016\\\/10\\\/dvd-cover.jpg\"}]'\n                 data-preference='{\"volume\":\"7\",\"autoPlay\":\"\",\"randomMode\":false,\"repeatMode\":\"NO_REPEAT\",\"displayPlaylist\":\"\"}'>\n                <div class=\"process id2deae851ec0f32f4240f8879f29b977c\">\n                    <video controls>\n                    <\/video>\n                    <h4 class=\"title\"><\/h4>\n                <\/div>\n                <div class=\"playlist-wrap\">\n                    <div class=\"video-list\">\n                    <\/div>\n                <\/div>\n            <\/div>\n            <script id=\"tmplVideoItem\" type=\"text\/x-jQuery-tmpl\">\n            {{each songs}}\n                <div class=\"video-item\">\n                    <a href=\"javascript:void(0)\" data-index=\"${$index}\">\n                        <img src=\"${thumb}\" alt=\"${title}\" title=\"${title}\" \/>\n                    <\/a>\n                <\/div>\n            {{\/each}}\n\n            <\/script>\n            <\/div><\/div><\/div><\/div><\/section><\/p>\n","protected":false},"excerpt":{"rendered":"","protected":false},"author":2,"featured_media":0,"parent":0,"menu_order":0,"comment_status":"closed","ping_status":"closed","template":"","meta":[],"_links":{"self":[{"href":"https:\/\/www.barrettamusic.com\/index.php\/wp-json\/wp\/v2\/pages\/4402"}],"collection":[{"href":"https:\/\/www.barrettamusic.com\/index.php\/wp-json\/wp\/v2\/pages"}],"about":[{"href":"https:\/\/www.barrettamusic.com\/index.php\/wp-json\/wp\/v2\/types\/page"}],"author":[{"embeddable":true,"href":"https:\/\/www.barrettamusic.com\/index.php\/wp-json\/wp\/v2\/users\/2"}],"replies":[{"embeddable":true,"href":"https:\/\/www.barrettamusic.com\/index.php\/wp-json\/wp\/v2\/comments?post=4402"}],"version-history":[{"count":53,"href":"https:\/\/www.barrettamusic.com\/index.php\/wp-json\/wp\/v2\/pages\/4402\/revisions"}],"predecessor-version":[{"id":5363,"href":"https:\/\/www.barrettamusic.com\/index.php\/wp-json\/wp\/v2\/pages\/4402\/revisions\/5363"}],"wp:attachment":[{"href":"https:\/\/www.barrettamusic.com\/index.php\/wp-json\/wp\/v2\/media?parent=4402"}],"curies":[{"name":"wp","href":"https:\/\/api.w.org\/{rel}","templated":true}]}}