{"id":5024,"date":"2019-06-30T13:17:04","date_gmt":"2019-06-30T13:17:04","guid":{"rendered":"http:\/\/www.barretta.biz\/?page_id=5024"},"modified":"2019-07-23T07:32:23","modified_gmt":"2019-07-23T07:32:23","slug":"barretta-album","status":"publish","type":"page","link":"https:\/\/www.barrettamusic.com\/index.php\/barretta-album\/","title":{"rendered":"BARRETTA ALBUM"},"content":{"rendered":"<p><section class=\"kc-elm kc-css-909742 kc_row\"><div class=\"kc-row-container  kc-container\"><div class=\"kc-wrap-columns\"><div class=\"kc-elm kc-css-82715 kc_col-sm-6 kc_column kc_col-sm-6\"><div class=\"kc-col-container\"><div class=\"kc-elm kc-css-276412 kc_shortcode kc_single_image\">\n\n        <img src=\"https:\/\/www.barrettamusic.com\/wp-content\/uploads\/2016\/10\/Barretta-CD-cava-Kopie-480x480.jpg\" class=\"\" alt=\"\" \/>    <\/div>\n\n<div class=\"kc-elm kc-css-181813 kc-title-wrap \">\n\n\t<h3 class=\"kc_title\">Release: 2003<\/h3>\n<\/div>\n\n<div class=\"kc-elm kc-css-28428 kc-title-wrap \">\n\n\t<h1 class=\"kc_title\">ALBUM \"BARRETTA\"<\/h1>\n<\/div>\n<div class=\"kc-elm kc-css-108894 kc_text_block\"><\/p>\n<p style=\"box-sizing: border-box; margin: 0px 0px 15px; padding: 0px; font-family: Roboto; caret-color: #696969; color: #696969; font-size: 14px;\">Eine Stimme\u00a0der gro\u00dfen Emotionen: sensibel, temperamentvoll und ausdrucksstark in allen Tonlagen\u00a0Eine Gitarre\u00a0im feurigen Klang und ansteckenden Rhythmen S\u00fcdeuropas, die Jung und Alt zum Tanzen\u00a0bringt<\/p>\n<p style=\"box-sizing: border-box; margin: 0px 0px 15px; padding: 0px; font-family: Roboto; caret-color: #696969; color: #696969; font-size: 14px;\">Ein buntes Unterhaltungsprogramm\u00a0aus den besten italienischen Canzone \u2013 Melodien der gro\u00dfen Klassikern \u00fcber popul\u00e4re<\/p>\n<p style=\"box-sizing: border-box; margin: 0px 0px 15px; padding: 0px; font-family: Roboto; caret-color: #696969; color: #696969; font-size: 14px;\">Volkslieder bis zu bekannten Pop-Songs. Ob mitrei\u00dfend fr\u00f6hlich oder melancholisch\u00a0anr\u00fchrend:<\/p>\n<p style=\"box-sizing: border-box; margin: 0px 0px 15px; padding: 0px; font-family: Roboto; caret-color: #696969; color: #696969; font-size: 14px;\">Michele Barretta fasziniert mit einem einmalig vielf\u00e4ltigen musikalischen\u00a0Unterhaltungsprogramm, in dem die reiche Musiktradition Italiens ebenso weiterlebt wie die\u00a0alle Kulturen verbindende Suche nach Augenblicken des Gl\u00fccks im Paradies der \u201eMusica\u201c.<\/p>\n<p>\n<\/div><\/div><\/div><div class=\"kc-elm kc-css-817007 kc_col-sm-6 kc_column kc_col-sm-6\"><div class=\"kc-col-container\"><div class=\"kc-elm kc-css-823857 kc_text_block\"><\/p>\n<h2 class=\"audioalbum\">BARRETTA<\/h2>\n<p class=\"audioalbum\">Release:<span>2003<\/span><\/p>\n<div class=\"track\"><span class=\"songtitle\">Per Averti<\/span><span class=\"songwriter\">(Michele Barretta)<\/span><span class=\"audiobutton\"><\/span><\/p>\n<div class=\"albumtrack\" style=\"visibility:hidden;\"><!--[if lt IE 9]><script>document.createElement('audio');<\/script><![endif]--><br \/>\n<audio class=\"wp-audio-shortcode\" id=\"audio-5024-1\" preload=\"metadata\" style=\"width: 100%;\" controls=\"controls\"><source type=\"audio\/mpeg\" src=\"\/wp-content\/uploads\/2016\/10\/01-Barretta-Per-averti.mp3?_=1\" \/><a href=\"\/wp-content\/uploads\/2016\/10\/01-Barretta-Per-averti.mp3\">\/wp-content\/uploads\/2016\/10\/01-Barretta-Per-averti.mp3<\/a><\/audio><\/div>\n<\/div>\n<div class=\"track\"><span class=\"songtitle\">Viola<\/span><span class=\"songwriter\">(Michele Barretta)<\/span><span class=\"audiobutton\"><\/span><\/p>\n<div class=\"albumtrack\" style=\"visibility:hidden;\"><audio class=\"wp-audio-shortcode\" id=\"audio-5024-2\" preload=\"metadata\" style=\"width: 100%;\" controls=\"controls\"><source type=\"audio\/mpeg\" src=\"\/wp-content\/uploads\/2016\/10\/02-Barretta-Viola.mp3?_=2\" \/><a href=\"\/wp-content\/uploads\/2016\/10\/02-Barretta-Viola.mp3\">\/wp-content\/uploads\/2016\/10\/02-Barretta-Viola.mp3<\/a><\/audio><\/div>\n<\/div>\n<div class=\"track\"><span class=\"songtitle\">A citt\u00e1<\/span><span class=\"audiobutton\"><\/span><\/p>\n<div class=\"albumtrack\" style=\"visibility:hidden;\"><audio class=\"wp-audio-shortcode\" id=\"audio-5024-3\" preload=\"metadata\" style=\"width: 100%;\" controls=\"controls\"><source type=\"audio\/mpeg\" src=\"\/wp-content\/uploads\/03-Barretta-a-citta.mp3?_=3\" \/><a href=\"\/wp-content\/uploads\/03-Barretta-a-citta.mp3\">\/wp-content\/uploads\/03-Barretta-a-citta.mp3<\/a><\/audio><\/div>\n<\/div>\n<div class=\"track\"><span class=\"songtitle\">Torno sui miei passi<\/span><span class=\"audiobutton\"><\/span><\/p>\n<div class=\"albumtrack\" style=\"visibility:hidden;\"><audio class=\"wp-audio-shortcode\" id=\"audio-5024-4\" preload=\"metadata\" style=\"width: 100%;\" controls=\"controls\"><source type=\"audio\/mpeg\" src=\"\/wp-content\/uploads\/2016\/10\/04-Barretta-Torno-sui-miei-passi.mp3?_=4\" \/><a href=\"\/wp-content\/uploads\/2016\/10\/04-Barretta-Torno-sui-miei-passi.mp3\">\/wp-content\/uploads\/2016\/10\/04-Barretta-Torno-sui-miei-passi.mp3<\/a><\/audio><\/div>\n<\/div>\n<div class=\"track\"><span class=\"songtitle\">Vitti n\u00e0 Crozza<\/span><span class=\"audiobutton\"><\/span><\/p>\n<div class=\"albumtrack\" style=\"visibility:hidden;\"><audio class=\"wp-audio-shortcode\" id=\"audio-5024-5\" preload=\"metadata\" style=\"width: 100%;\" controls=\"controls\"><source type=\"audio\/mpeg\" src=\"\/wp-content\/uploads\/2016\/10\/05-Barretta-Vitti.mp3?_=5\" \/><a href=\"\/wp-content\/uploads\/2016\/10\/05-Barretta-Vitti.mp3\">\/wp-content\/uploads\/2016\/10\/05-Barretta-Vitti.mp3<\/a><\/audio><\/div>\n<\/div>\n<div class=\"track\"><span class=\"songtitle\">Amara terra mia<\/span><span class=\"audiobutton\"><\/span><\/p>\n<div class=\"albumtrack\" style=\"visibility:hidden;\"><audio class=\"wp-audio-shortcode\" id=\"audio-5024-6\" preload=\"metadata\" style=\"width: 100%;\" controls=\"controls\"><source type=\"audio\/mpeg\" src=\"\/wp-content\/uploads\/2016\/10\/06-Amara-terra-mia.mp3?_=6\" \/><a href=\"\/wp-content\/uploads\/2016\/10\/06-Amara-terra-mia.mp3\">\/wp-content\/uploads\/2016\/10\/06-Amara-terra-mia.mp3<\/a><\/audio><\/div>\n<\/div>\n<div class=\"track\"><span class=\"songtitle\">L\u00b4Emozione non ha voce<\/span><span class=\"audiobutton\"><\/span><\/p>\n<div class=\"albumtrack\" style=\"visibility:hidden;\"><audio class=\"wp-audio-shortcode\" id=\"audio-5024-7\" preload=\"metadata\" style=\"width: 100%;\" controls=\"controls\"><source type=\"audio\/mpeg\" src=\"\/wp-content\/uploads\/2016\/10\/07-Barretta-L_Emozione.mp3?_=7\" \/><a href=\"\/wp-content\/uploads\/2016\/10\/07-Barretta-L_Emozione.mp3\">\/wp-content\/uploads\/2016\/10\/07-Barretta-L_Emozione.mp3<\/a><\/audio><\/div>\n<\/div>\n<div class=\"track\"><span class=\"songtitle\">A spuntunera<\/span><span class=\"audiobutton\"><\/span><\/p>\n<div class=\"albumtrack\" style=\"visibility:hidden;\"><audio class=\"wp-audio-shortcode\" id=\"audio-5024-8\" preload=\"metadata\" style=\"width: 100%;\" controls=\"controls\"><source type=\"audio\/mpeg\" src=\"\/wp-content\/uploads\/2016\/10\/08-Barretta-A-spuntunera.mp3?_=8\" \/><a href=\"\/wp-content\/uploads\/2016\/10\/08-Barretta-A-spuntunera.mp3\">\/wp-content\/uploads\/2016\/10\/08-Barretta-A-spuntunera.mp3<\/a><\/audio><\/div>\n<\/div>\n<div class=\"track\"><span class=\"songtitle\">L\u2018arcobaleno<\/span><span class=\"audiobutton\"><\/span><\/p>\n<div class=\"albumtrack\" style=\"visibility:hidden;\"><audio class=\"wp-audio-shortcode\" id=\"audio-5024-9\" preload=\"metadata\" style=\"width: 100%;\" controls=\"controls\"><source type=\"audio\/mpeg\" src=\"\/wp-content\/uploads\/2016\/10\/09-Barretta-L_arcobaleno.mp3?_=9\" \/><a href=\"\/wp-content\/uploads\/2016\/10\/09-Barretta-L_arcobaleno.mp3\">\/wp-content\/uploads\/2016\/10\/09-Barretta-L_arcobaleno.mp3<\/a><\/audio><\/div>\n<\/div>\n<div class=\"track\"><span class=\"songtitle\">Il ragazzo della via Gluck<\/span><span class=\"audiobutton\"><\/span><\/p>\n<div class=\"albumtrack\" style=\"visibility:hidden;\"><audio class=\"wp-audio-shortcode\" id=\"audio-5024-10\" preload=\"metadata\" style=\"width: 100%;\" controls=\"controls\"><source type=\"audio\/mpeg\" src=\"\/wp-content\/uploads\/2016\/10\/10-Barretta-Ragazzo.mp3?_=10\" \/><a href=\"\/wp-content\/uploads\/2016\/10\/10-Barretta-Ragazzo.mp3\">\/wp-content\/uploads\/2016\/10\/10-Barretta-Ragazzo.mp3<\/a><\/audio><\/div>\n<\/div>\n<div class=\"track\"><span class=\"songtitle\">Azzurro<\/span><span class=\"audiobutton\"><\/span><\/p>\n<div class=\"albumtrack\" style=\"visibility:hidden;\"><audio class=\"wp-audio-shortcode\" id=\"audio-5024-11\" preload=\"metadata\" style=\"width: 100%;\" controls=\"controls\"><source type=\"audio\/mpeg\" src=\"\/wp-content\/uploads\/2016\/10\/11-Barretta-Azzurro.mp3?_=11\" \/><a href=\"\/wp-content\/uploads\/2016\/10\/11-Barretta-Azzurro.mp3\">\/wp-content\/uploads\/2016\/10\/11-Barretta-Azzurro.mp3<\/a><\/audio><\/div>\n<\/div>\n<div class=\"track\"><span class=\"songtitle\">Index<\/span><span class=\"audiobutton\"><\/span><\/p>\n<div class=\"albumtrack\" style=\"visibility:hidden;\"><audio class=\"wp-audio-shortcode\" id=\"audio-5024-12\" preload=\"metadata\" style=\"width: 100%;\" controls=\"controls\"><source type=\"audio\/mpeg\" src=\"\/wp-content\/uploads\/2016\/10\/12-Barretta-Index.mp3?_=12\" \/><a href=\"\/wp-content\/uploads\/2016\/10\/12-Barretta-Index.mp3\">\/wp-content\/uploads\/2016\/10\/12-Barretta-Index.mp3<\/a><\/audio><\/div>\n<\/div>\n<p>\n<\/div><\/div><\/div><\/div><\/div><\/section><section class=\"kc-elm kc-css-286580 kc_row\"><div class=\"kc-row-container  kc-container\"><div class=\"kc-wrap-columns\"><div class=\"kc-elm kc-css-346492 kc_col-sm-6 kc_column kc_col-sm-6\"><div class=\"kc-col-container\"><div class=\"kc-elm kc-css-362381 kc_shortcode kc_single_image\">\n\n        <img src=\"https:\/\/www.barrettamusic.com\/wp-content\/uploads\/2016\/10\/Barretta-CD-cava-Kopie-480x480.jpg\" class=\"\" alt=\"\" \/>    <\/div>\n<\/div><\/div><div class=\"kc-elm kc-css-570636 kc_col-sm-6 kc_column kc_col-sm-6\"><div class=\"kc-col-container\"><!--[if lt IE 9]><script>document.createElement('audio');<\/script><![endif]-->\n\t<div class=\"wp-playlist wp-audio-playlist wp-playlist-light\">\n\t\t\t<div class=\"wp-playlist-current-item\"><\/div>\n\t\t<audio controls=\"controls\" preload=\"none\" width=\"878\"\n\t\t\t><\/audio>\n\t<div class=\"wp-playlist-next\"><\/div>\n\t<div class=\"wp-playlist-prev\"><\/div>\n\t<noscript>\n\t<ol>\n\t\t<li><a href='https:\/\/www.barrettamusic.com\/wp-content\/uploads\/2016\/10\/01-Barretta-Per-averti.mp3'>Per averti<\/a><\/li><li><a href='https:\/\/www.barrettamusic.com\/wp-content\/uploads\/2016\/10\/02-Barretta-Viola.mp3'>Viola<\/a><\/li><li><a href='https:\/\/www.barrettamusic.com\/wp-content\/uploads\/2016\/10\/04-Barretta-Torno-sui-miei-passi.mp3'>Torno sui miei passi<\/a><\/li><li><a href='https:\/\/www.barrettamusic.com\/wp-content\/uploads\/2016\/10\/05-Barretta-Vitti.mp3'>Vitti na crozza<\/a><\/li><li><a href='https:\/\/www.barrettamusic.com\/wp-content\/uploads\/2016\/10\/06-Amara-terra-mia.mp3'>Amara terra mia<\/a><\/li><li><a href='https:\/\/www.barrettamusic.com\/wp-content\/uploads\/2016\/10\/07-Barretta-L_Emozione.mp3'>L'Emozione non ha voce<\/a><\/li><li><a href='https:\/\/www.barrettamusic.com\/wp-content\/uploads\/2016\/10\/08-Barretta-A-spuntunera.mp3'>A spuntunera<\/a><\/li><li><a href='https:\/\/www.barrettamusic.com\/wp-content\/uploads\/2016\/10\/09-Barretta-L_arcobaleno.mp3'>L'arcobaleno<\/a><\/li><li><a href='https:\/\/www.barrettamusic.com\/wp-content\/uploads\/2016\/10\/10-Barretta-Ragazzo.mp3'>Il ragazzo della via Gluck<\/a><\/li><li><a href='https:\/\/www.barrettamusic.com\/wp-content\/uploads\/2016\/10\/11-Barretta-Azzurro.mp3'>Azzurro<\/a><\/li><li><a href='https:\/\/www.barrettamusic.com\/wp-content\/uploads\/2016\/10\/12-Barretta-Index.mp3'>Index<\/a><\/li>\t<\/ol>\n\t<\/noscript>\n\t<script type=\"application\/json\" class=\"wp-playlist-script\">{\"type\":\"audio\",\"tracklist\":true,\"tracknumbers\":true,\"images\":true,\"artists\":true,\"tracks\":[{\"src\":\"https:\\\/\\\/www.barrettamusic.com\\\/wp-content\\\/uploads\\\/2016\\\/10\\\/01-Barretta-Per-averti.mp3\",\"type\":\"audio\\\/mpeg\",\"title\":\"Per averti\",\"caption\":\"\",\"description\":\"\\\"Barretta Per averti\\\". Track 1 of 12.\",\"meta\":{\"artist\":\"Michele Barretta\",\"album\":\"Barretta\"},\"image\":{\"src\":\"https:\\\/\\\/www.barrettamusic.com\\\/wp-includes\\\/images\\\/media\\\/audio.png\",\"width\":48,\"height\":64},\"thumb\":{\"src\":\"https:\\\/\\\/www.barrettamusic.com\\\/wp-includes\\\/images\\\/media\\\/audio.png\",\"width\":48,\"height\":64}},{\"src\":\"https:\\\/\\\/www.barrettamusic.com\\\/wp-content\\\/uploads\\\/2016\\\/10\\\/02-Barretta-Viola.mp3\",\"type\":\"audio\\\/mpeg\",\"title\":\"Viola\",\"caption\":\"\",\"description\":\"\\\"Barretta Viola \\\". Track 2 of 12.\",\"meta\":[],\"image\":{\"src\":\"https:\\\/\\\/www.barrettamusic.com\\\/wp-includes\\\/images\\\/media\\\/audio.png\",\"width\":48,\"height\":64},\"thumb\":{\"src\":\"https:\\\/\\\/www.barrettamusic.com\\\/wp-includes\\\/images\\\/media\\\/audio.png\",\"width\":48,\"height\":64}},{\"src\":\"https:\\\/\\\/www.barrettamusic.com\\\/wp-content\\\/uploads\\\/2016\\\/10\\\/04-Barretta-Torno-sui-miei-passi.mp3\",\"type\":\"audio\\\/mpeg\",\"title\":\"Torno sui miei passi\",\"caption\":\"\",\"description\":\"\\\"Barretta Torno sui miei passi\\\". Track 4 of 12.\",\"meta\":[],\"image\":{\"src\":\"https:\\\/\\\/www.barrettamusic.com\\\/wp-includes\\\/images\\\/media\\\/audio.png\",\"width\":48,\"height\":64},\"thumb\":{\"src\":\"https:\\\/\\\/www.barrettamusic.com\\\/wp-includes\\\/images\\\/media\\\/audio.png\",\"width\":48,\"height\":64}},{\"src\":\"https:\\\/\\\/www.barrettamusic.com\\\/wp-content\\\/uploads\\\/2016\\\/10\\\/05-Barretta-Vitti.mp3\",\"type\":\"audio\\\/mpeg\",\"title\":\"Vitti na crozza\",\"caption\":\"\",\"description\":\"\\\"Barretta Vitti\\\". Track 5 of 12.\",\"meta\":[],\"image\":{\"src\":\"https:\\\/\\\/www.barrettamusic.com\\\/wp-includes\\\/images\\\/media\\\/audio.png\",\"width\":48,\"height\":64},\"thumb\":{\"src\":\"https:\\\/\\\/www.barrettamusic.com\\\/wp-includes\\\/images\\\/media\\\/audio.png\",\"width\":48,\"height\":64}},{\"src\":\"https:\\\/\\\/www.barrettamusic.com\\\/wp-content\\\/uploads\\\/2016\\\/10\\\/06-Amara-terra-mia.mp3\",\"type\":\"audio\\\/mpeg\",\"title\":\"Amara terra mia\",\"caption\":\"\",\"description\":\"\\\"Amara terra mia\\\" from Barretta by Michele Barretta. Track 6. Genre: Pop.\",\"meta\":[],\"image\":{\"src\":\"https:\\\/\\\/www.barrettamusic.com\\\/wp-includes\\\/images\\\/media\\\/audio.png\",\"width\":48,\"height\":64},\"thumb\":{\"src\":\"https:\\\/\\\/www.barrettamusic.com\\\/wp-includes\\\/images\\\/media\\\/audio.png\",\"width\":48,\"height\":64}},{\"src\":\"https:\\\/\\\/www.barrettamusic.com\\\/wp-content\\\/uploads\\\/2016\\\/10\\\/07-Barretta-L_Emozione.mp3\",\"type\":\"audio\\\/mpeg\",\"title\":\"L'Emozione non ha voce\",\"caption\":\"\",\"description\":\"\\\"Barretta L\\u00b4Emozione\\\". Track 7 of 12.\",\"meta\":[],\"image\":{\"src\":\"https:\\\/\\\/www.barrettamusic.com\\\/wp-includes\\\/images\\\/media\\\/audio.png\",\"width\":48,\"height\":64},\"thumb\":{\"src\":\"https:\\\/\\\/www.barrettamusic.com\\\/wp-includes\\\/images\\\/media\\\/audio.png\",\"width\":48,\"height\":64}},{\"src\":\"https:\\\/\\\/www.barrettamusic.com\\\/wp-content\\\/uploads\\\/2016\\\/10\\\/08-Barretta-A-spuntunera.mp3\",\"type\":\"audio\\\/mpeg\",\"title\":\"A spuntunera\",\"caption\":\"\",\"description\":\"\\\"Barretta A spuntunera\\\". Track 8 of 12.\",\"meta\":[],\"image\":{\"src\":\"https:\\\/\\\/www.barrettamusic.com\\\/wp-includes\\\/images\\\/media\\\/audio.png\",\"width\":48,\"height\":64},\"thumb\":{\"src\":\"https:\\\/\\\/www.barrettamusic.com\\\/wp-includes\\\/images\\\/media\\\/audio.png\",\"width\":48,\"height\":64}},{\"src\":\"https:\\\/\\\/www.barrettamusic.com\\\/wp-content\\\/uploads\\\/2016\\\/10\\\/09-Barretta-L_arcobaleno.mp3\",\"type\":\"audio\\\/mpeg\",\"title\":\"L'arcobaleno\",\"caption\":\"\",\"description\":\"\\\"Barretta L\\u00b4arcobaleno\\\". Track 9 of 12.\",\"meta\":[],\"image\":{\"src\":\"https:\\\/\\\/www.barrettamusic.com\\\/wp-includes\\\/images\\\/media\\\/audio.png\",\"width\":48,\"height\":64},\"thumb\":{\"src\":\"https:\\\/\\\/www.barrettamusic.com\\\/wp-includes\\\/images\\\/media\\\/audio.png\",\"width\":48,\"height\":64}},{\"src\":\"https:\\\/\\\/www.barrettamusic.com\\\/wp-content\\\/uploads\\\/2016\\\/10\\\/10-Barretta-Ragazzo.mp3\",\"type\":\"audio\\\/mpeg\",\"title\":\"Il ragazzo della via Gluck\",\"caption\":\"\",\"description\":\"\\\"Barretta Ragazzo\\\". Track 10 of 12.\",\"meta\":[],\"image\":{\"src\":\"https:\\\/\\\/www.barrettamusic.com\\\/wp-includes\\\/images\\\/media\\\/audio.png\",\"width\":48,\"height\":64},\"thumb\":{\"src\":\"https:\\\/\\\/www.barrettamusic.com\\\/wp-includes\\\/images\\\/media\\\/audio.png\",\"width\":48,\"height\":64}},{\"src\":\"https:\\\/\\\/www.barrettamusic.com\\\/wp-content\\\/uploads\\\/2016\\\/10\\\/11-Barretta-Azzurro.mp3\",\"type\":\"audio\\\/mpeg\",\"title\":\"Azzurro\",\"caption\":\"\",\"description\":\"\\\"Barretta Azzurro\\\". Track 11 of 12.\",\"meta\":[],\"image\":{\"src\":\"https:\\\/\\\/www.barrettamusic.com\\\/wp-includes\\\/images\\\/media\\\/audio.png\",\"width\":48,\"height\":64},\"thumb\":{\"src\":\"https:\\\/\\\/www.barrettamusic.com\\\/wp-includes\\\/images\\\/media\\\/audio.png\",\"width\":48,\"height\":64}},{\"src\":\"https:\\\/\\\/www.barrettamusic.com\\\/wp-content\\\/uploads\\\/2016\\\/10\\\/12-Barretta-Index.mp3\",\"type\":\"audio\\\/mpeg\",\"title\":\"Index\",\"caption\":\"\",\"description\":\"\\\"Barretta Index\\\". Track 12 of 12.\",\"meta\":{\"artist\":\"Michele Barretta\",\"album\":\"Barretta\"},\"image\":{\"src\":\"https:\\\/\\\/www.barrettamusic.com\\\/wp-includes\\\/images\\\/media\\\/audio.png\",\"width\":48,\"height\":64},\"thumb\":{\"src\":\"https:\\\/\\\/www.barrettamusic.com\\\/wp-includes\\\/images\\\/media\\\/audio.png\",\"width\":48,\"height\":64}}]}<\/script>\n<\/div>\n\t<div class=\"kc-elm kc-css-175114 kc-raw-code\"><h2 class=\"audioalbum\">The Album Title<\/h2><p class=\"audioalbum\">Some other Details<span>2016<\/span><\/p>\r\n\r\n<div class=\"track\"><span class=\"songtitle\">Per Averti<\/span><span class=\"songwriter\">(Michele Barretta)<\/span><span class=\"audiobutton\"><\/span><div class=\"albumtrack\" style=\"visibility:hidden;\"><audio class=\"wp-audio-shortcode\" id=\"audio-5024-13\" preload=\"metadata\" style=\"width: 100%;\" controls=\"controls\"><source type=\"audio\/mpeg\" src=\"http:\/\/www.barretta.biz\/wp-content\/uploads\/2016\/10\/01-Barretta-Per-averti.mp3?_=13\" \/><a href=\"http:\/\/www.barretta.biz\/wp-content\/uploads\/2016\/10\/01-Barretta-Per-averti.mp3\">http:\/\/www.barretta.biz\/wp-content\/uploads\/2016\/10\/01-Barretta-Per-averti.mp3<\/a><\/audio><\/div><\/div>\r\n\r\n<div class=\"track\"><span class=\"songtitle\">Viola<\/span><span class=\"audiobutton\"><\/span><div class=\"albumtrack\" style=\"visibility:hidden;\"><audio class=\"wp-audio-shortcode\" id=\"audio-5024-14\" preload=\"metadata\" style=\"width: 100%;\" controls=\"controls\"><source type=\"audio\/mpeg\" src=\"http:\/\/www.barretta.biz\/wp-content\/uploads\/2016\/10\/02-Barretta-Viola.mp3?_=14\" \/><a href=\"http:\/\/www.barretta.biz\/wp-content\/uploads\/2016\/10\/02-Barretta-Viola.mp3\">http:\/\/www.barretta.biz\/wp-content\/uploads\/2016\/10\/02-Barretta-Viola.mp3<\/a><\/audio><\/div><\/div>\r\n\r\n<div class=\"track\"><span class=\"songtitle\">Viola<\/span><span class=\"audiobutton\"><\/span><div class=\"albumtrack\" style=\"visibility:hidden;\"><audio class=\"wp-audio-shortcode\" id=\"audio-5024-15\" preload=\"metadata\" style=\"width: 100%;\" controls=\"controls\"><source type=\"audio\/mpeg\" src=\"http:\/\/www.barretta.biz\/wp-content\/uploads\/2016\/10\/03-Barretta-a-citt\u00e1.mp3?_=15\" \/><a href=\"http:\/\/www.barretta.biz\/wp-content\/uploads\/2016\/10\/03-Barretta-a-citt\u00e1.mp3\">http:\/\/www.barretta.biz\/wp-content\/uploads\/2016\/10\/03-Barretta-a-citt\u00e1.mp3<\/a><\/audio><\/div><\/div><\/div><\/div><\/div><\/div><\/div><\/section><\/p>\n","protected":false},"excerpt":{"rendered":"","protected":false},"author":3,"featured_media":0,"parent":0,"menu_order":0,"comment_status":"closed","ping_status":"closed","template":"","meta":[],"_links":{"self":[{"href":"https:\/\/www.barrettamusic.com\/index.php\/wp-json\/wp\/v2\/pages\/5024"}],"collection":[{"href":"https:\/\/www.barrettamusic.com\/index.php\/wp-json\/wp\/v2\/pages"}],"about":[{"href":"https:\/\/www.barrettamusic.com\/index.php\/wp-json\/wp\/v2\/types\/page"}],"author":[{"embeddable":true,"href":"https:\/\/www.barrettamusic.com\/index.php\/wp-json\/wp\/v2\/users\/3"}],"replies":[{"embeddable":true,"href":"https:\/\/www.barrettamusic.com\/index.php\/wp-json\/wp\/v2\/comments?post=5024"}],"version-history":[{"count":24,"href":"https:\/\/www.barrettamusic.com\/index.php\/wp-json\/wp\/v2\/pages\/5024\/revisions"}],"predecessor-version":[{"id":5211,"href":"https:\/\/www.barrettamusic.com\/index.php\/wp-json\/wp\/v2\/pages\/5024\/revisions\/5211"}],"wp:attachment":[{"href":"https:\/\/www.barrettamusic.com\/index.php\/wp-json\/wp\/v2\/media?parent=5024"}],"curies":[{"name":"wp","href":"https:\/\/api.w.org\/{rel}","templated":true}]}}